{"id":19048,"date":"2021-02-25T13:56:56","date_gmt":"2021-02-25T12:56:56","guid":{"rendered":"https:\/\/hrmforce.com\/product\/logiks-general-advanced\/"},"modified":"2021-02-25T13:56:56","modified_gmt":"2021-02-25T12:56:56","slug":"logiks-general-advanced","status":"publish","type":"product","link":"https:\/\/hrmforce.com\/ro\/shop\/selectie-ro\/logiks-general-advanced\/","title":{"rendered":"Logiks General Advanced"},"content":{"rendered":"<p>O mai bun\u0103 \u00een\u021belegere a capacit\u0103\u021bilor angaja\u021bilor actuali \u0219i poten\u021biali permite luarea unor decizii informate.\u00cen plus, economise\u0219te timp \u0219i contribuie la \u00eembun\u0103t\u0103\u021birea performan\u021belor. Testele de capacitate sunt un instrument utilizat pe scar\u0103 larg\u0103 \u00een acest sens \u0219i reprezint\u0103 unul dintre cei mai buni predictori ai performan\u021bei la locul de munc\u0103. Testele de capacitate sunt o parte important\u0103 a proceselor de filtrare \u0219i selec\u021bie dintr-un motiv anume.<\/p>\n<p>Evaluarea capacit\u0103\u021bilor nu a fost niciodat\u0103 mai u\u0219oar\u0103. Logiks folose\u0219te cuno\u0219tin\u021be bazate pe \u0219tiin\u021b\u0103 pentru a identifica rapid cele mai bune talente \u0219i pentru a filtra candida\u021bii mai pu\u021bin potrivi\u021bi. \u00centreb\u0103rile din fiecare test Logiks individual sunt selectate dintr-o baz\u0103 de date mare (a\u0219a-numita banc\u0103 de itemi) de \u00eentreb\u0103ri posibile. Acest lucru face ca fiecare chestionar s\u0103 fie unic. Astfel, se ob\u021bin evalu\u0103ri precise \u0219i detaliate care pot fi analizate direct.<\/p>\n<p>Toate acestea sunt sus\u021binute de Cubiks Online, platforma noastr\u0103 online u\u0219or de utilizat pentru o administrare \u0219i raportare u\u0219oar\u0103.<\/p>\n","protected":false},"excerpt":{"rendered":"<p>O mai bun\u0103 \u00een\u021belegere a capacit\u0103\u021bilor angaja\u021bilor actuali \u0219i poten\u021biali permite luarea unor decizii informate. \u00cen plus, economise\u0219te timp \u0219i contribuie la \u00eembun\u0103t\u0103\u021birea performan\u021belor. Testele de capacitate sunt un instrument utilizat pe scar\u0103 larg\u0103 \u00een acest sens \u0219i reprezint\u0103 unul dintre cei mai buni predictori ai performan\u021bei la locul de munc\u0103. Testele de capacitate sunt o parte important\u0103 a proceselor de filtrare \u0219i selec\u021bie dintr-un motiv anume.<\/p>\n<p>Evaluarea capacit\u0103\u021bilor nu a fost niciodat\u0103 mai u\u0219oar\u0103. Logiks folose\u0219te cuno\u0219tin\u021be bazate pe \u0219tiin\u021b\u0103 pentru a identifica rapid cele mai bune talente \u0219i pentru a filtra candida\u021bii mai pu\u021bin potrivi\u021bi. \u00centreb\u0103rile din fiecare test Logiks individual sunt selectate dintr-o baz\u0103 de date mare (a\u0219a-numita banc\u0103 de itemi) de \u00eentreb\u0103ri posibile. Ca urmare, fiecare chestionar este unic. Astfel, se ob\u021bin evalu\u0103ri precise \u0219i detaliate care pot fi analizate direct.<\/p>\n<p>Toate acestea sunt sus\u021binute de Cubiks Online, platforma noastr\u0103 online u\u0219or de utilizat pentru o administrare \u0219i raportare u\u0219oar\u0103.<\/p>\n","protected":false},"featured_media":20714,"template":"","meta":{"_acf_changed":false,"inline_featured_image":false},"product_brand":[],"product_cat":[987,978,985,937,988],"product_tag":[],"class_list":{"0":"post-19048","1":"product","2":"type-product","3":"status-publish","4":"has-post-thumbnail","6":"product_cat-cubiks-ro","7":"product_cat-inteligenta","8":"product_cat-preselectie","9":"product_cat-selectie-ro","10":"product_cat-talogy-ro","12":"first","13":"instock","14":"taxable","15":"shipping-taxable","16":"purchasable","17":"product-type-simple"},"acf":[],"yoast_head":"<!-- This site is optimized with the Yoast SEO plugin v27.1.1 - https:\/\/yoast.com\/product\/yoast-seo-wordpress\/ -->\n<title>Logiks General Advanced - hrmforce<\/title>\n<meta name=\"robots\" content=\"index, follow, max-snippet:-1, max-image-preview:large, max-video-preview:-1\" \/>\n<link rel=\"canonical\" href=\"https:\/\/hrmforce.com\/ro\/shop\/selectie-ro\/logiks-general-advanced\/\" \/>\n<meta property=\"og:locale\" content=\"ro_RO\" \/>\n<meta property=\"og:type\" content=\"article\" \/>\n<meta property=\"og:title\" content=\"Logiks General Advanced - hrmforce\" \/>\n<meta property=\"og:description\" content=\"O mai bun\u0103 \u00een\u021belegere a capacit\u0103\u021bilor angaja\u021bilor actuali \u0219i poten\u021biali permite luarea unor decizii informate. \u00cen plus, economise\u0219te timp \u0219i contribuie la \u00eembun\u0103t\u0103\u021birea performan\u021belor. Testele de capacitate sunt un instrument utilizat pe scar\u0103 larg\u0103 \u00een acest sens \u0219i reprezint\u0103 unul dintre cei mai buni predictori ai performan\u021bei la locul de munc\u0103. Testele de capacitate sunt o parte important\u0103 a proceselor de filtrare \u0219i selec\u021bie dintr-un motiv anume.  Evaluarea capacit\u0103\u021bilor nu a fost niciodat\u0103 mai u\u0219oar\u0103. Logiks folose\u0219te cuno\u0219tin\u021be bazate pe \u0219tiin\u021b\u0103 pentru a identifica rapid cele mai bune talente \u0219i pentru a filtra candida\u021bii mai pu\u021bin potrivi\u021bi. \u00centreb\u0103rile din fiecare test Logiks individual sunt selectate dintr-o baz\u0103 de date mare (a\u0219a-numita banc\u0103 de itemi) de \u00eentreb\u0103ri posibile. Ca urmare, fiecare chestionar este unic. Astfel, se ob\u021bin evalu\u0103ri precise \u0219i detaliate care pot fi analizate direct.  Toate acestea sunt sus\u021binute de Cubiks Online, platforma noastr\u0103 online u\u0219or de utilizat pentru o administrare \u0219i raportare u\u0219oar\u0103.\" \/>\n<meta property=\"og:url\" content=\"https:\/\/hrmforce.com\/ro\/shop\/selectie-ro\/logiks-general-advanced\/\" \/>\n<meta property=\"og:site_name\" content=\"hrmforce\" \/>\n<meta property=\"article:publisher\" content=\"https:\/\/www.facebook.com\/hrmforceNL\/\" \/>\n<meta property=\"og:image\" content=\"https:\/\/hrmforce.com\/wp-content\/uploads\/2021\/02\/logiks_logo_0.png\" \/>\n\t<meta property=\"og:image:width\" content=\"600\" \/>\n\t<meta property=\"og:image:height\" content=\"400\" \/>\n\t<meta property=\"og:image:type\" content=\"image\/png\" \/>\n<meta name=\"twitter:card\" content=\"summary_large_image\" \/>\n<meta name=\"twitter:label1\" content=\"Timp estimat pentru citire\" \/>\n\t<meta name=\"twitter:data1\" content=\"1 minut\" \/>\n<script type=\"application\/ld+json\" class=\"yoast-schema-graph\">{\"@context\":\"https:\/\/schema.org\",\"@graph\":[{\"@type\":\"WebPage\",\"@id\":\"https:\/\/hrmforce.com\/ro\/shop\/selectie-ro\/logiks-general-advanced\/\",\"url\":\"https:\/\/hrmforce.com\/ro\/shop\/selectie-ro\/logiks-general-advanced\/\",\"name\":\"Logiks General Advanced - hrmforce\",\"isPartOf\":{\"@id\":\"https:\/\/hrmforce.com\/ro\/#website\"},\"primaryImageOfPage\":{\"@id\":\"https:\/\/hrmforce.com\/ro\/shop\/selectie-ro\/logiks-general-advanced\/#primaryimage\"},\"image\":{\"@id\":\"https:\/\/hrmforce.com\/ro\/shop\/selectie-ro\/logiks-general-advanced\/#primaryimage\"},\"thumbnailUrl\":\"https:\/\/hrmforce.com\/wp-content\/uploads\/2024\/01\/logiks-logo-new.webp\",\"datePublished\":\"2021-02-25T12:56:56+00:00\",\"breadcrumb\":{\"@id\":\"https:\/\/hrmforce.com\/ro\/shop\/selectie-ro\/logiks-general-advanced\/#breadcrumb\"},\"inLanguage\":\"ro-RO\",\"potentialAction\":[{\"@type\":\"ReadAction\",\"target\":[\"https:\/\/hrmforce.com\/ro\/shop\/selectie-ro\/logiks-general-advanced\/\"]}]},{\"@type\":\"ImageObject\",\"inLanguage\":\"ro-RO\",\"@id\":\"https:\/\/hrmforce.com\/ro\/shop\/selectie-ro\/logiks-general-advanced\/#primaryimage\",\"url\":\"https:\/\/hrmforce.com\/wp-content\/uploads\/2024\/01\/logiks-logo-new.webp\",\"contentUrl\":\"https:\/\/hrmforce.com\/wp-content\/uploads\/2024\/01\/logiks-logo-new.webp\",\"width\":600,\"height\":400,\"caption\":\"papi 3 logo new\"},{\"@type\":\"BreadcrumbList\",\"@id\":\"https:\/\/hrmforce.com\/ro\/shop\/selectie-ro\/logiks-general-advanced\/#breadcrumb\",\"itemListElement\":[{\"@type\":\"ListItem\",\"position\":1,\"name\":\"Home\",\"item\":\"https:\/\/hrmforce.com\/ro\/\"},{\"@type\":\"ListItem\",\"position\":2,\"name\":\"Shop\",\"item\":\"https:\/\/hrmforce.com\/ro\/shop\/\"},{\"@type\":\"ListItem\",\"position\":3,\"name\":\"Logiks General Advanced\"}]},{\"@type\":\"WebSite\",\"@id\":\"https:\/\/hrmforce.com\/ro\/#website\",\"url\":\"https:\/\/hrmforce.com\/ro\/\",\"name\":\"hrmforce\",\"description\":\"people \u2022 performance \u2022 analytics\",\"publisher\":{\"@id\":\"https:\/\/hrmforce.com\/ro\/#organization\"},\"potentialAction\":[{\"@type\":\"SearchAction\",\"target\":{\"@type\":\"EntryPoint\",\"urlTemplate\":\"https:\/\/hrmforce.com\/ro\/?s={search_term_string}\"},\"query-input\":{\"@type\":\"PropertyValueSpecification\",\"valueRequired\":true,\"valueName\":\"search_term_string\"}}],\"inLanguage\":\"ro-RO\"},{\"@type\":\"Organization\",\"@id\":\"https:\/\/hrmforce.com\/ro\/#organization\",\"name\":\"hrmforce\",\"url\":\"https:\/\/hrmforce.com\/ro\/\",\"logo\":{\"@type\":\"ImageObject\",\"inLanguage\":\"ro-RO\",\"@id\":\"https:\/\/hrmforce.com\/ro\/#\/schema\/logo\/image\/\",\"url\":\"https:\/\/hrmforce.com\/wp-content\/uploads\/2018\/08\/logo-hrmforce.png\",\"contentUrl\":\"https:\/\/hrmforce.com\/wp-content\/uploads\/2018\/08\/logo-hrmforce.png\",\"width\":833,\"height\":189,\"caption\":\"hrmforce\"},\"image\":{\"@id\":\"https:\/\/hrmforce.com\/ro\/#\/schema\/logo\/image\/\"},\"sameAs\":[\"https:\/\/www.facebook.com\/hrmforceNL\/\",\"https:\/\/www.linkedin.com\/company\/hrmforce\/\"]}]}<\/script>\n<!-- \/ Yoast SEO plugin. -->","yoast_head_json":{"title":"Logiks General Advanced - hrmforce","robots":{"index":"index","follow":"follow","max-snippet":"max-snippet:-1","max-image-preview":"max-image-preview:large","max-video-preview":"max-video-preview:-1"},"canonical":"https:\/\/hrmforce.com\/ro\/shop\/selectie-ro\/logiks-general-advanced\/","og_locale":"ro_RO","og_type":"article","og_title":"Logiks General Advanced - hrmforce","og_description":"O mai bun\u0103 \u00een\u021belegere a capacit\u0103\u021bilor angaja\u021bilor actuali \u0219i poten\u021biali permite luarea unor decizii informate. \u00cen plus, economise\u0219te timp \u0219i contribuie la \u00eembun\u0103t\u0103\u021birea performan\u021belor. Testele de capacitate sunt un instrument utilizat pe scar\u0103 larg\u0103 \u00een acest sens \u0219i reprezint\u0103 unul dintre cei mai buni predictori ai performan\u021bei la locul de munc\u0103. Testele de capacitate sunt o parte important\u0103 a proceselor de filtrare \u0219i selec\u021bie dintr-un motiv anume.  Evaluarea capacit\u0103\u021bilor nu a fost niciodat\u0103 mai u\u0219oar\u0103. Logiks folose\u0219te cuno\u0219tin\u021be bazate pe \u0219tiin\u021b\u0103 pentru a identifica rapid cele mai bune talente \u0219i pentru a filtra candida\u021bii mai pu\u021bin potrivi\u021bi. \u00centreb\u0103rile din fiecare test Logiks individual sunt selectate dintr-o baz\u0103 de date mare (a\u0219a-numita banc\u0103 de itemi) de \u00eentreb\u0103ri posibile. Ca urmare, fiecare chestionar este unic. Astfel, se ob\u021bin evalu\u0103ri precise \u0219i detaliate care pot fi analizate direct.  Toate acestea sunt sus\u021binute de Cubiks Online, platforma noastr\u0103 online u\u0219or de utilizat pentru o administrare \u0219i raportare u\u0219oar\u0103.","og_url":"https:\/\/hrmforce.com\/ro\/shop\/selectie-ro\/logiks-general-advanced\/","og_site_name":"hrmforce","article_publisher":"https:\/\/www.facebook.com\/hrmforceNL\/","og_image":[{"width":600,"height":400,"url":"https:\/\/hrmforce.com\/wp-content\/uploads\/2021\/02\/logiks_logo_0.png","type":"image\/png"}],"twitter_card":"summary_large_image","twitter_misc":{"Timp estimat pentru citire":"1 minut"},"schema":{"@context":"https:\/\/schema.org","@graph":[{"@type":"WebPage","@id":"https:\/\/hrmforce.com\/ro\/shop\/selectie-ro\/logiks-general-advanced\/","url":"https:\/\/hrmforce.com\/ro\/shop\/selectie-ro\/logiks-general-advanced\/","name":"Logiks General Advanced - hrmforce","isPartOf":{"@id":"https:\/\/hrmforce.com\/ro\/#website"},"primaryImageOfPage":{"@id":"https:\/\/hrmforce.com\/ro\/shop\/selectie-ro\/logiks-general-advanced\/#primaryimage"},"image":{"@id":"https:\/\/hrmforce.com\/ro\/shop\/selectie-ro\/logiks-general-advanced\/#primaryimage"},"thumbnailUrl":"https:\/\/hrmforce.com\/wp-content\/uploads\/2024\/01\/logiks-logo-new.webp","datePublished":"2021-02-25T12:56:56+00:00","breadcrumb":{"@id":"https:\/\/hrmforce.com\/ro\/shop\/selectie-ro\/logiks-general-advanced\/#breadcrumb"},"inLanguage":"ro-RO","potentialAction":[{"@type":"ReadAction","target":["https:\/\/hrmforce.com\/ro\/shop\/selectie-ro\/logiks-general-advanced\/"]}]},{"@type":"ImageObject","inLanguage":"ro-RO","@id":"https:\/\/hrmforce.com\/ro\/shop\/selectie-ro\/logiks-general-advanced\/#primaryimage","url":"https:\/\/hrmforce.com\/wp-content\/uploads\/2024\/01\/logiks-logo-new.webp","contentUrl":"https:\/\/hrmforce.com\/wp-content\/uploads\/2024\/01\/logiks-logo-new.webp","width":600,"height":400,"caption":"papi 3 logo new"},{"@type":"BreadcrumbList","@id":"https:\/\/hrmforce.com\/ro\/shop\/selectie-ro\/logiks-general-advanced\/#breadcrumb","itemListElement":[{"@type":"ListItem","position":1,"name":"Home","item":"https:\/\/hrmforce.com\/ro\/"},{"@type":"ListItem","position":2,"name":"Shop","item":"https:\/\/hrmforce.com\/ro\/shop\/"},{"@type":"ListItem","position":3,"name":"Logiks General Advanced"}]},{"@type":"WebSite","@id":"https:\/\/hrmforce.com\/ro\/#website","url":"https:\/\/hrmforce.com\/ro\/","name":"hrmforce","description":"people \u2022 performance \u2022 analytics","publisher":{"@id":"https:\/\/hrmforce.com\/ro\/#organization"},"potentialAction":[{"@type":"SearchAction","target":{"@type":"EntryPoint","urlTemplate":"https:\/\/hrmforce.com\/ro\/?s={search_term_string}"},"query-input":{"@type":"PropertyValueSpecification","valueRequired":true,"valueName":"search_term_string"}}],"inLanguage":"ro-RO"},{"@type":"Organization","@id":"https:\/\/hrmforce.com\/ro\/#organization","name":"hrmforce","url":"https:\/\/hrmforce.com\/ro\/","logo":{"@type":"ImageObject","inLanguage":"ro-RO","@id":"https:\/\/hrmforce.com\/ro\/#\/schema\/logo\/image\/","url":"https:\/\/hrmforce.com\/wp-content\/uploads\/2018\/08\/logo-hrmforce.png","contentUrl":"https:\/\/hrmforce.com\/wp-content\/uploads\/2018\/08\/logo-hrmforce.png","width":833,"height":189,"caption":"hrmforce"},"image":{"@id":"https:\/\/hrmforce.com\/ro\/#\/schema\/logo\/image\/"},"sameAs":["https:\/\/www.facebook.com\/hrmforceNL\/","https:\/\/www.linkedin.com\/company\/hrmforce\/"]}]}},"_links":{"self":[{"href":"https:\/\/hrmforce.com\/ro\/wp-json\/wp\/v2\/product\/19048","targetHints":{"allow":["GET"]}}],"collection":[{"href":"https:\/\/hrmforce.com\/ro\/wp-json\/wp\/v2\/product"}],"about":[{"href":"https:\/\/hrmforce.com\/ro\/wp-json\/wp\/v2\/types\/product"}],"wp:featuredmedia":[{"embeddable":true,"href":"https:\/\/hrmforce.com\/ro\/wp-json\/wp\/v2\/media\/20714"}],"wp:attachment":[{"href":"https:\/\/hrmforce.com\/ro\/wp-json\/wp\/v2\/media?parent=19048"}],"wp:term":[{"taxonomy":"product_brand","embeddable":true,"href":"https:\/\/hrmforce.com\/ro\/wp-json\/wp\/v2\/product_brand?post=19048"},{"taxonomy":"product_cat","embeddable":true,"href":"https:\/\/hrmforce.com\/ro\/wp-json\/wp\/v2\/product_cat?post=19048"},{"taxonomy":"product_tag","embeddable":true,"href":"https:\/\/hrmforce.com\/ro\/wp-json\/wp\/v2\/product_tag?post=19048"}],"curies":[{"name":"wp","href":"https:\/\/api.w.org\/{rel}","templated":true}]}}