{"id":19054,"date":"2021-02-25T13:35:41","date_gmt":"2021-02-25T12:35:41","guid":{"rendered":"https:\/\/hrmforce.com\/product\/papi3-i\/"},"modified":"2021-02-25T13:35:41","modified_gmt":"2021-02-25T12:35:41","slug":"papi3-i","status":"publish","type":"product","link":"https:\/\/hrmforce.com\/ro\/shop\/personalitate\/papi3-i\/","title":{"rendered":"PAPI 3-i"},"content":{"rendered":"<p>PAPI 3 proiecteaz\u0103 motiva\u021biile \u0219i comportamentele preferate ale oamenilor.<br \/>\nAcest lucru v\u0103 ofer\u0103 o baz\u0103 fiabil\u0103 pentru identificarea, selectarea \u0219i dezvoltarea talentelor de care ave\u021bi nevoie. Rezultatele se concentreaz\u0103 asupra a ceea ce este important pentru organiza\u021bia dumneavoastr\u0103 \u0219i ofer\u0103 instrumentele necesare pentru a realiza interviuri decisive \u0219i discu\u021bii de feedback productive.<\/p>\n<p>PAPI 3 ofer\u0103 instrumente pentru a defini exact ceea ce c\u0103uta\u021bi la un candidat.<br \/>\nCu ajutorul Job Profiler, este posibil s\u0103 trimite\u021bi un scurt chestionar exper\u021bilor \u00een domeniu \u0219i s\u0103 colecta\u021bi \u00een mod automat opiniile acestora cu privire la ceea ce consider\u0103 c\u0103 este esen\u021bial pentru a avea succes la locul de munc\u0103 respectiv.<\/p>\n<p>PAPI 3 este un chestionar de personalitate dezvoltat de la zero.<br \/>\n\u00cen plus, PAPI 3 este un chestionar insensibil la cultur\u0103, disponibil \u00een mai multe limbi.<br \/>\n\u00cen parte din acest motiv, este ideal pentru companiile interna\u021bionale care doresc s\u0103 efectueze evalu\u0103ri de personalitate \u00een mai multe \u021b\u0103ri.<\/p>\n","protected":false},"excerpt":{"rendered":"<p>Disponibil at\u00e2t pentru profesioni\u0219tii instrui\u021bi, c\u00e2t \u0219i pentru \u00eencep\u0103tori.<br \/>\n\u00cen cazul \u00een care profesioni\u0219tii certifica\u021bi nu au participat \u00eenc\u0103 la cursul de perfec\u021bionare pentru PAPI 3, vechiul PAPI 2 este, de asemenea, \u00eenc\u0103 disponibil.<br \/>\nPre\u021bul include toate rapoartele.<\/p>\n","protected":false},"featured_media":20720,"template":"","meta":{"_acf_changed":false,"inline_featured_image":false},"product_brand":[],"product_cat":[987,977,976,936,985,937,988],"product_tag":[],"class_list":{"0":"post-19054","1":"product","2":"type-product","3":"status-publish","4":"has-post-thumbnail","6":"product_cat-cubiks-ro","7":"product_cat-dezvoltare","8":"product_cat-mobilitate","9":"product_cat-personalitate","10":"product_cat-preselectie","11":"product_cat-selectie-ro","12":"product_cat-talogy-ro","14":"first","15":"instock","16":"taxable","17":"shipping-taxable","18":"purchasable","19":"product-type-simple"},"acf":[],"yoast_head":"<!-- This site is optimized with the Yoast SEO plugin v27.1.1 - https:\/\/yoast.com\/product\/yoast-seo-wordpress\/ -->\n<title>PAPI 3-i - hrmforce<\/title>\n<meta name=\"robots\" content=\"index, follow, max-snippet:-1, max-image-preview:large, max-video-preview:-1\" \/>\n<link rel=\"canonical\" href=\"https:\/\/hrmforce.com\/ro\/shop\/personalitate\/papi3-i\/\" \/>\n<meta property=\"og:locale\" content=\"ro_RO\" \/>\n<meta property=\"og:type\" content=\"article\" \/>\n<meta property=\"og:title\" content=\"PAPI 3-i - hrmforce\" \/>\n<meta property=\"og:description\" content=\"Disponibil at\u00e2t pentru profesioni\u0219tii instrui\u021bi, c\u00e2t \u0219i pentru \u00eencep\u0103tori. \u00cen cazul \u00een care profesioni\u0219tii certifica\u021bi nu au participat \u00eenc\u0103 la cursul de perfec\u021bionare pentru PAPI 3, vechiul PAPI 2 este, de asemenea, \u00eenc\u0103 disponibil. Pre\u021bul include toate rapoartele.\" \/>\n<meta property=\"og:url\" content=\"https:\/\/hrmforce.com\/ro\/shop\/personalitate\/papi3-i\/\" \/>\n<meta property=\"og:site_name\" content=\"hrmforce\" \/>\n<meta property=\"article:publisher\" content=\"https:\/\/www.facebook.com\/hrmforceNL\/\" \/>\n<meta property=\"og:image\" content=\"https:\/\/hrmforce.com\/wp-content\/uploads\/2024\/01\/papi-3-logo-new.webp\" \/>\n\t<meta property=\"og:image:width\" content=\"600\" \/>\n\t<meta property=\"og:image:height\" content=\"400\" \/>\n\t<meta property=\"og:image:type\" content=\"image\/webp\" \/>\n<meta name=\"twitter:card\" content=\"summary_large_image\" \/>\n<meta name=\"twitter:label1\" content=\"Timp estimat pentru citire\" \/>\n\t<meta name=\"twitter:data1\" content=\"1 minut\" \/>\n<script type=\"application\/ld+json\" class=\"yoast-schema-graph\">{\"@context\":\"https:\/\/schema.org\",\"@graph\":[{\"@type\":\"WebPage\",\"@id\":\"https:\/\/hrmforce.com\/ro\/shop\/personalitate\/papi3-i\/\",\"url\":\"https:\/\/hrmforce.com\/ro\/shop\/personalitate\/papi3-i\/\",\"name\":\"PAPI 3-i - hrmforce\",\"isPartOf\":{\"@id\":\"https:\/\/hrmforce.com\/ro\/#website\"},\"primaryImageOfPage\":{\"@id\":\"https:\/\/hrmforce.com\/ro\/shop\/personalitate\/papi3-i\/#primaryimage\"},\"image\":{\"@id\":\"https:\/\/hrmforce.com\/ro\/shop\/personalitate\/papi3-i\/#primaryimage\"},\"thumbnailUrl\":\"https:\/\/hrmforce.com\/wp-content\/uploads\/2024\/01\/papi-3-logo-new.webp\",\"datePublished\":\"2021-02-25T12:35:41+00:00\",\"breadcrumb\":{\"@id\":\"https:\/\/hrmforce.com\/ro\/shop\/personalitate\/papi3-i\/#breadcrumb\"},\"inLanguage\":\"ro-RO\",\"potentialAction\":[{\"@type\":\"ReadAction\",\"target\":[\"https:\/\/hrmforce.com\/ro\/shop\/personalitate\/papi3-i\/\"]}]},{\"@type\":\"ImageObject\",\"inLanguage\":\"ro-RO\",\"@id\":\"https:\/\/hrmforce.com\/ro\/shop\/personalitate\/papi3-i\/#primaryimage\",\"url\":\"https:\/\/hrmforce.com\/wp-content\/uploads\/2024\/01\/papi-3-logo-new.webp\",\"contentUrl\":\"https:\/\/hrmforce.com\/wp-content\/uploads\/2024\/01\/papi-3-logo-new.webp\",\"width\":600,\"height\":400,\"caption\":\"papi 3 logo new\"},{\"@type\":\"BreadcrumbList\",\"@id\":\"https:\/\/hrmforce.com\/ro\/shop\/personalitate\/papi3-i\/#breadcrumb\",\"itemListElement\":[{\"@type\":\"ListItem\",\"position\":1,\"name\":\"Home\",\"item\":\"https:\/\/hrmforce.com\/ro\/\"},{\"@type\":\"ListItem\",\"position\":2,\"name\":\"Shop\",\"item\":\"https:\/\/hrmforce.com\/ro\/shop\/\"},{\"@type\":\"ListItem\",\"position\":3,\"name\":\"PAPI 3-i\"}]},{\"@type\":\"WebSite\",\"@id\":\"https:\/\/hrmforce.com\/ro\/#website\",\"url\":\"https:\/\/hrmforce.com\/ro\/\",\"name\":\"hrmforce\",\"description\":\"people \u2022 performance \u2022 analytics\",\"publisher\":{\"@id\":\"https:\/\/hrmforce.com\/ro\/#organization\"},\"potentialAction\":[{\"@type\":\"SearchAction\",\"target\":{\"@type\":\"EntryPoint\",\"urlTemplate\":\"https:\/\/hrmforce.com\/ro\/?s={search_term_string}\"},\"query-input\":{\"@type\":\"PropertyValueSpecification\",\"valueRequired\":true,\"valueName\":\"search_term_string\"}}],\"inLanguage\":\"ro-RO\"},{\"@type\":\"Organization\",\"@id\":\"https:\/\/hrmforce.com\/ro\/#organization\",\"name\":\"hrmforce\",\"url\":\"https:\/\/hrmforce.com\/ro\/\",\"logo\":{\"@type\":\"ImageObject\",\"inLanguage\":\"ro-RO\",\"@id\":\"https:\/\/hrmforce.com\/ro\/#\/schema\/logo\/image\/\",\"url\":\"https:\/\/hrmforce.com\/wp-content\/uploads\/2018\/08\/logo-hrmforce.png\",\"contentUrl\":\"https:\/\/hrmforce.com\/wp-content\/uploads\/2018\/08\/logo-hrmforce.png\",\"width\":833,\"height\":189,\"caption\":\"hrmforce\"},\"image\":{\"@id\":\"https:\/\/hrmforce.com\/ro\/#\/schema\/logo\/image\/\"},\"sameAs\":[\"https:\/\/www.facebook.com\/hrmforceNL\/\",\"https:\/\/www.linkedin.com\/company\/hrmforce\/\"]}]}<\/script>\n<!-- \/ Yoast SEO plugin. -->","yoast_head_json":{"title":"PAPI 3-i - hrmforce","robots":{"index":"index","follow":"follow","max-snippet":"max-snippet:-1","max-image-preview":"max-image-preview:large","max-video-preview":"max-video-preview:-1"},"canonical":"https:\/\/hrmforce.com\/ro\/shop\/personalitate\/papi3-i\/","og_locale":"ro_RO","og_type":"article","og_title":"PAPI 3-i - hrmforce","og_description":"Disponibil at\u00e2t pentru profesioni\u0219tii instrui\u021bi, c\u00e2t \u0219i pentru \u00eencep\u0103tori. \u00cen cazul \u00een care profesioni\u0219tii certifica\u021bi nu au participat \u00eenc\u0103 la cursul de perfec\u021bionare pentru PAPI 3, vechiul PAPI 2 este, de asemenea, \u00eenc\u0103 disponibil. Pre\u021bul include toate rapoartele.","og_url":"https:\/\/hrmforce.com\/ro\/shop\/personalitate\/papi3-i\/","og_site_name":"hrmforce","article_publisher":"https:\/\/www.facebook.com\/hrmforceNL\/","og_image":[{"width":600,"height":400,"url":"https:\/\/hrmforce.com\/wp-content\/uploads\/2024\/01\/papi-3-logo-new.webp","type":"image\/webp"}],"twitter_card":"summary_large_image","twitter_misc":{"Timp estimat pentru citire":"1 minut"},"schema":{"@context":"https:\/\/schema.org","@graph":[{"@type":"WebPage","@id":"https:\/\/hrmforce.com\/ro\/shop\/personalitate\/papi3-i\/","url":"https:\/\/hrmforce.com\/ro\/shop\/personalitate\/papi3-i\/","name":"PAPI 3-i - hrmforce","isPartOf":{"@id":"https:\/\/hrmforce.com\/ro\/#website"},"primaryImageOfPage":{"@id":"https:\/\/hrmforce.com\/ro\/shop\/personalitate\/papi3-i\/#primaryimage"},"image":{"@id":"https:\/\/hrmforce.com\/ro\/shop\/personalitate\/papi3-i\/#primaryimage"},"thumbnailUrl":"https:\/\/hrmforce.com\/wp-content\/uploads\/2024\/01\/papi-3-logo-new.webp","datePublished":"2021-02-25T12:35:41+00:00","breadcrumb":{"@id":"https:\/\/hrmforce.com\/ro\/shop\/personalitate\/papi3-i\/#breadcrumb"},"inLanguage":"ro-RO","potentialAction":[{"@type":"ReadAction","target":["https:\/\/hrmforce.com\/ro\/shop\/personalitate\/papi3-i\/"]}]},{"@type":"ImageObject","inLanguage":"ro-RO","@id":"https:\/\/hrmforce.com\/ro\/shop\/personalitate\/papi3-i\/#primaryimage","url":"https:\/\/hrmforce.com\/wp-content\/uploads\/2024\/01\/papi-3-logo-new.webp","contentUrl":"https:\/\/hrmforce.com\/wp-content\/uploads\/2024\/01\/papi-3-logo-new.webp","width":600,"height":400,"caption":"papi 3 logo new"},{"@type":"BreadcrumbList","@id":"https:\/\/hrmforce.com\/ro\/shop\/personalitate\/papi3-i\/#breadcrumb","itemListElement":[{"@type":"ListItem","position":1,"name":"Home","item":"https:\/\/hrmforce.com\/ro\/"},{"@type":"ListItem","position":2,"name":"Shop","item":"https:\/\/hrmforce.com\/ro\/shop\/"},{"@type":"ListItem","position":3,"name":"PAPI 3-i"}]},{"@type":"WebSite","@id":"https:\/\/hrmforce.com\/ro\/#website","url":"https:\/\/hrmforce.com\/ro\/","name":"hrmforce","description":"people \u2022 performance \u2022 analytics","publisher":{"@id":"https:\/\/hrmforce.com\/ro\/#organization"},"potentialAction":[{"@type":"SearchAction","target":{"@type":"EntryPoint","urlTemplate":"https:\/\/hrmforce.com\/ro\/?s={search_term_string}"},"query-input":{"@type":"PropertyValueSpecification","valueRequired":true,"valueName":"search_term_string"}}],"inLanguage":"ro-RO"},{"@type":"Organization","@id":"https:\/\/hrmforce.com\/ro\/#organization","name":"hrmforce","url":"https:\/\/hrmforce.com\/ro\/","logo":{"@type":"ImageObject","inLanguage":"ro-RO","@id":"https:\/\/hrmforce.com\/ro\/#\/schema\/logo\/image\/","url":"https:\/\/hrmforce.com\/wp-content\/uploads\/2018\/08\/logo-hrmforce.png","contentUrl":"https:\/\/hrmforce.com\/wp-content\/uploads\/2018\/08\/logo-hrmforce.png","width":833,"height":189,"caption":"hrmforce"},"image":{"@id":"https:\/\/hrmforce.com\/ro\/#\/schema\/logo\/image\/"},"sameAs":["https:\/\/www.facebook.com\/hrmforceNL\/","https:\/\/www.linkedin.com\/company\/hrmforce\/"]}]}},"_links":{"self":[{"href":"https:\/\/hrmforce.com\/ro\/wp-json\/wp\/v2\/product\/19054","targetHints":{"allow":["GET"]}}],"collection":[{"href":"https:\/\/hrmforce.com\/ro\/wp-json\/wp\/v2\/product"}],"about":[{"href":"https:\/\/hrmforce.com\/ro\/wp-json\/wp\/v2\/types\/product"}],"wp:featuredmedia":[{"embeddable":true,"href":"https:\/\/hrmforce.com\/ro\/wp-json\/wp\/v2\/media\/20720"}],"wp:attachment":[{"href":"https:\/\/hrmforce.com\/ro\/wp-json\/wp\/v2\/media?parent=19054"}],"wp:term":[{"taxonomy":"product_brand","embeddable":true,"href":"https:\/\/hrmforce.com\/ro\/wp-json\/wp\/v2\/product_brand?post=19054"},{"taxonomy":"product_cat","embeddable":true,"href":"https:\/\/hrmforce.com\/ro\/wp-json\/wp\/v2\/product_cat?post=19054"},{"taxonomy":"product_tag","embeddable":true,"href":"https:\/\/hrmforce.com\/ro\/wp-json\/wp\/v2\/product_tag?post=19054"}],"curies":[{"name":"wp","href":"https:\/\/api.w.org\/{rel}","templated":true}]}}